{"id":103,"date":"2025-02-23T09:22:59","date_gmt":"2025-02-23T09:22:59","guid":{"rendered":"https:\/\/buergerinitiativesoderstorf.de\/?page_id=103"},"modified":"2025-03-20T19:38:45","modified_gmt":"2025-03-20T19:38:45","slug":"wie-alles-begann","status":"publish","type":"page","link":"https:\/\/buergerinitiativesoderstorf.de\/?page_id=103","title":{"rendered":"Wie alles begann&#8230;."},"content":{"rendered":"\n<div class=\"wp-block-group alignfull has-global-padding is-layout-constrained wp-block-group-is-layout-constrained\" style=\"margin-top:0;margin-bottom:0\">\n<div style=\"height:var(--wp--preset--spacing--30)\" aria-hidden=\"true\" class=\"wp-block-spacer\"><\/div>\n<\/div>\n\n\n\n<div class=\"wp-block-group alignfull has-global-padding is-layout-constrained wp-block-group-is-layout-constrained\" style=\"margin-top:0;margin-bottom:0\">\n<hr class=\"wp-block-separator alignfull has-alpha-channel-opacity\"\/>\n<\/div>\n\n\n\n<div class=\"wp-block-group alignfull has-global-padding is-layout-constrained wp-block-group-is-layout-constrained\" style=\"margin-top:0;margin-bottom:0\">\n<div class=\"wp-block-group alignwide has-global-padding is-layout-constrained wp-block-group-is-layout-constrained\">\n<div class=\"wp-block-group alignwide is-layout-flow wp-block-group-is-layout-flow\">\n<p class=\"has-small-font-size\"><\/p>\n<\/div>\n<\/div>\n<\/div>\n\n\n\n<p>Die B\u00fcrgerinitiative Soderstorf:<\/p>\n\n\n\n<figure class=\"wp-block-image aligncenter size-full is-resized\"><img loading=\"lazy\" decoding=\"async\" width=\"310\" height=\"199\" src=\"http:\/\/buergerinitiativesoderstorf.de\/wp-content\/uploads\/2025\/02\/Genug-ist-genu-1.png\" alt=\"\" class=\"wp-image-106\" style=\"width:645px;height:auto\" srcset=\"https:\/\/buergerinitiativesoderstorf.de\/wp-content\/uploads\/2025\/02\/Genug-ist-genu-1.png 310w, https:\/\/buergerinitiativesoderstorf.de\/wp-content\/uploads\/2025\/02\/Genug-ist-genu-1-300x193.png 300w\" sizes=\"auto, (max-width: 310px) 100vw, 310px\" \/><\/figure>\n\n\n\n<p><\/p>\n\n\n\n<p class=\"has-text-align-center\"><strong>Windpark Soderstorf-Nord Gewerbegebiet, PV-Felder<br>und k\u00fcnftig: 6 Kieskuhlen? Ein Regionalexpress ohne Halt?<br>..und jetzt noch drei weitere Windparks?<br>Wir sagen: Genug ist genug!<\/strong><\/p>\n\n\n\n<p><\/p>\n\n\n\n<p><\/p>\n\n\n\n<div class=\"wp-block-columns alignwide is-layout-flex wp-container-core-columns-is-layout-28f84493 wp-block-columns-is-layout-flex\">\n<div class=\"wp-block-column is-layout-flow wp-block-column-is-layout-flow\" style=\"flex-basis:100%\">\n<div class=\"wp-block-group is-vertical is-layout-flex wp-container-core-group-is-layout-fe9cc265 wp-block-group-is-layout-flex\">\n<p>Wir sind die Soderstorfer B\u00fcrgerinitiative \u201eGenug ist Genug\u201c. Wir wehren uns gegen au\u00dfergew\u00f6hnliche Belastungen aus dem regionalen Raumordnungsprogramm (RROP) des Landkreises L\u00fcneburg und gegen dar\u00fcber hinausgehende, starke Belastungen durch Projekte der Gemeinde ohne die grundlegenden, um gewissen Ausgleich bem\u00fchten Kriterien der Raumordungsplanung!<\/p>\n\n\n\n<p>Konkret geht es unter anderem um den ersten zus\u00e4tzlich geplanten Windpark \u00fcber das RROP hinaus mit 15 zus\u00e4tzlichen Windm\u00fchlen, die im RROP geplanten Soderstorfer Kieskuhlen, die Reihe an Solarparks entlang der Bahnlinie, Flugl\u00e4rm und weiteres mehr.<\/p>\n<\/div>\n<\/div>\n<\/div>\n\n\n\n<p><\/p>\n\n\n\n<p><\/p>\n\n\n\n<figure class=\"wp-block-image alignwide size-full\"><img loading=\"lazy\" decoding=\"async\" width=\"1023\" height=\"985\" src=\"http:\/\/buergerinitiativesoderstorf.de\/wp-content\/uploads\/2025\/02\/Uebersichtskarte-Gemeinde-Soderstorf.webp\" alt=\"\" class=\"wp-image-108\" srcset=\"https:\/\/buergerinitiativesoderstorf.de\/wp-content\/uploads\/2025\/02\/Uebersichtskarte-Gemeinde-Soderstorf.webp 1023w, https:\/\/buergerinitiativesoderstorf.de\/wp-content\/uploads\/2025\/02\/Uebersichtskarte-Gemeinde-Soderstorf-300x289.webp 300w, https:\/\/buergerinitiativesoderstorf.de\/wp-content\/uploads\/2025\/02\/Uebersichtskarte-Gemeinde-Soderstorf-768x739.webp 768w\" sizes=\"auto, (max-width: 1023px) 100vw, 1023px\" \/><\/figure>\n\n\n\n<div class=\"wp-block-columns alignwide is-layout-flex wp-container-core-columns-is-layout-28f84493 wp-block-columns-is-layout-flex\">\n<div class=\"wp-block-column is-layout-flow wp-block-column-is-layout-flow\" style=\"flex-basis:100%\">\n<p><\/p>\n<\/div>\n<\/div>\n\n\n\n<p><\/p>\n\n\n\n<div class=\"wp-block-columns alignwide is-layout-flex wp-container-core-columns-is-layout-28f84493 wp-block-columns-is-layout-flex\">\n<div class=\"wp-block-column is-layout-flow wp-block-column-is-layout-flow\" style=\"flex-basis:100%\">\n<ul class=\"wp-block-list\">\n<li><strong>Keine weiteren Belastungen \u00fcber die Planungen des Landkreises hinaus<\/strong><\/li>\n<\/ul>\n\n\n\n<ul class=\"wp-block-list\">\n<li><strong>Keine Beeintr\u00e4chtigung des Naturschutz- u. Erholungsgebietes&nbsp;Schwinderbecker Heide<\/strong><\/li>\n<\/ul>\n\n\n\n<ul class=\"wp-block-list\">\n<li><strong>Keine zus\u00e4tzlichen \u00f6kologischen Belastungen<\/strong><\/li>\n<\/ul>\n\n\n\n<ul class=\"wp-block-list\">\n<li><strong>Werterhalt unserer Immobilien<\/strong><\/li>\n<\/ul>\n\n\n\n<ul class=\"wp-block-list\">\n<li><strong>Mehr Information und Abstimmung mit den B\u00fcrgern<\/strong><\/li>\n<\/ul>\n<\/div>\n<\/div>\n\n\n\n<div class=\"wp-block-columns is-layout-flex wp-container-core-columns-is-layout-28f84493 wp-block-columns-is-layout-flex\">\n<div class=\"wp-block-column is-layout-flow wp-block-column-is-layout-flow\" style=\"flex-basis:100%\">\n<div class=\"wp-block-group alignwide has-global-padding is-layout-constrained wp-block-group-is-layout-constrained\">\n<div class=\"wp-block-columns alignwide is-layout-flex wp-container-core-columns-is-layout-28f84493 wp-block-columns-is-layout-flex\">\n<div class=\"wp-block-column is-vertically-aligned-center is-layout-flow wp-block-column-is-layout-flow\" style=\"flex-basis:100%\">\n<p><\/p>\n\n\n\n<p><\/p>\n\n\n\n<p class=\"has-text-align-center\">Es ist Zeit f\u00fcr alle Anwohner, sich zu informieren!<br>Gerade im Umfeld von Soderstorf sollten wir \u00fcber die Kreisgrenzen hinaus schauen!<br>Wie wird sich unsere Kulisse insgesamt ver\u00e4ndern?<br>Wieviel k\u00f6nnen und wollen wir mittragen \u2013 und wo ist Schluss?<br><br>Es ist Zeit f\u00fcr Deine Unterst\u00fctzung,<br>damit unsere Gemeinde auch in Zukunft noch lebenswert bleibt!<\/p>\n\n\n\n<p class=\"has-text-align-center\"><br><strong>Komm\u2018 zu uns und bring Dich aktiv ein!<\/strong><\/p>\n<\/div>\n<\/div>\n<\/div>\n<\/div>\n<\/div>\n\n\n\n<div class=\"wp-block-columns is-layout-flex wp-container-core-columns-is-layout-28f84493 wp-block-columns-is-layout-flex\">\n<div class=\"wp-block-column is-layout-flow wp-block-column-is-layout-flow\" style=\"flex-basis:100%\"><\/div>\n<\/div>\n\n\n\n<div class=\"wp-block-columns alignwide are-vertically-aligned-center is-style-section-3 is-layout-flex wp-container-core-columns-is-layout-28f84493 wp-block-columns-is-layout-flex is-style-section-3--1\">\n<div class=\"wp-block-column is-vertically-aligned-center is-layout-flow wp-block-column-is-layout-flow\" style=\"flex-basis:100%\">\n<p class=\"has-text-align-center\"><strong><a href=\"https:\/\/buergerinitiativesoderstorf.de\/?page_id=111\">Und dann erfolge die erste Infoveranstaltung<\/a><\/strong><\/p>\n<\/div>\n<\/div>\n\n\n\n<p><\/p>\n","protected":false},"excerpt":{"rendered":"<p>Die B\u00fcrgerinitiative Soderstorf: Windpark Soderstorf-Nord Gewerbegebiet, PV-Felderund k\u00fcnftig: 6 Kieskuhlen? Ein Regionalexpress ohne Halt?..und jetzt noch drei weitere Windparks?Wir sagen: Genug ist genug! Wir sind die Soderstorfer B\u00fcrgerinitiative \u201eGenug ist Genug\u201c. Wir wehren uns gegen au\u00dfergew\u00f6hnliche Belastungen aus dem regionalen Raumordnungsprogramm (RROP) des Landkreises L\u00fcneburg und gegen dar\u00fcber hinausgehende, starke Belastungen durch Projekte der Gemeinde [&hellip;]<\/p>\n","protected":false},"author":2,"featured_media":0,"parent":0,"menu_order":0,"comment_status":"closed","ping_status":"closed","template":"","meta":{"footnotes":""},"class_list":["post-103","page","type-page","status-publish","hentry"],"yoast_head":"<!-- This site is optimized with the Yoast SEO plugin v27.5 - https:\/\/yoast.com\/product\/yoast-seo-wordpress\/ -->\n<title>Wie alles begann.... - Buergerinitative Gegenwind - Genug ist Genug e.V. (iG)<\/title>\n<meta name=\"robots\" content=\"index, follow, max-snippet:-1, max-image-preview:large, max-video-preview:-1\" \/>\n<link rel=\"canonical\" href=\"https:\/\/buergerinitiativesoderstorf.de\/?page_id=103\" \/>\n<meta property=\"og:locale\" content=\"de_DE\" \/>\n<meta property=\"og:type\" content=\"article\" \/>\n<meta property=\"og:title\" content=\"Wie alles begann.... - Buergerinitative Gegenwind - Genug ist Genug e.V. (iG)\" \/>\n<meta property=\"og:description\" content=\"Die B\u00fcrgerinitiative Soderstorf: Windpark Soderstorf-Nord Gewerbegebiet, PV-Felderund k\u00fcnftig: 6 Kieskuhlen? Ein Regionalexpress ohne Halt?..und jetzt noch drei weitere Windparks?Wir sagen: Genug ist genug! Wir sind die Soderstorfer B\u00fcrgerinitiative \u201eGenug ist Genug\u201c. Wir wehren uns gegen au\u00dfergew\u00f6hnliche Belastungen aus dem regionalen Raumordnungsprogramm (RROP) des Landkreises L\u00fcneburg und gegen dar\u00fcber hinausgehende, starke Belastungen durch Projekte der Gemeinde [&hellip;]\" \/>\n<meta property=\"og:url\" content=\"https:\/\/buergerinitiativesoderstorf.de\/?page_id=103\" \/>\n<meta property=\"og:site_name\" content=\"Buergerinitative Gegenwind - Genug ist Genug e.V. (iG)\" \/>\n<meta property=\"article:modified_time\" content=\"2025-03-20T19:38:45+00:00\" \/>\n<meta property=\"og:image\" content=\"https:\/\/buergerinitiativesoderstorf.de\/wp-content\/uploads\/2025\/02\/Genug-ist-genu-1.png\" \/>\n\t<meta property=\"og:image:width\" content=\"310\" \/>\n\t<meta property=\"og:image:height\" content=\"199\" \/>\n\t<meta property=\"og:image:type\" content=\"image\/png\" \/>\n<meta name=\"twitter:card\" content=\"summary_large_image\" \/>\n<meta name=\"twitter:label1\" content=\"Gesch\u00e4tzte Lesezeit\" \/>\n\t<meta name=\"twitter:data1\" content=\"2\u00a0Minuten\" \/>\n<script type=\"application\/ld+json\" class=\"yoast-schema-graph\">{\"@context\":\"https:\\\/\\\/schema.org\",\"@graph\":[{\"@type\":\"WebPage\",\"@id\":\"https:\\\/\\\/buergerinitiativesoderstorf.de\\\/?page_id=103\",\"url\":\"https:\\\/\\\/buergerinitiativesoderstorf.de\\\/?page_id=103\",\"name\":\"Wie alles begann.... - Buergerinitative Gegenwind - Genug ist Genug e.V. (iG)\",\"isPartOf\":{\"@id\":\"https:\\\/\\\/buergerinitiativesoderstorf.de\\\/#website\"},\"primaryImageOfPage\":{\"@id\":\"https:\\\/\\\/buergerinitiativesoderstorf.de\\\/?page_id=103#primaryimage\"},\"image\":{\"@id\":\"https:\\\/\\\/buergerinitiativesoderstorf.de\\\/?page_id=103#primaryimage\"},\"thumbnailUrl\":\"http:\\\/\\\/buergerinitiativesoderstorf.de\\\/wp-content\\\/uploads\\\/2025\\\/02\\\/Genug-ist-genu-1.png\",\"datePublished\":\"2025-02-23T09:22:59+00:00\",\"dateModified\":\"2025-03-20T19:38:45+00:00\",\"breadcrumb\":{\"@id\":\"https:\\\/\\\/buergerinitiativesoderstorf.de\\\/?page_id=103#breadcrumb\"},\"inLanguage\":\"de\",\"potentialAction\":[{\"@type\":\"ReadAction\",\"target\":[\"https:\\\/\\\/buergerinitiativesoderstorf.de\\\/?page_id=103\"]}]},{\"@type\":\"ImageObject\",\"inLanguage\":\"de\",\"@id\":\"https:\\\/\\\/buergerinitiativesoderstorf.de\\\/?page_id=103#primaryimage\",\"url\":\"https:\\\/\\\/buergerinitiativesoderstorf.de\\\/wp-content\\\/uploads\\\/2025\\\/02\\\/Genug-ist-genu-1.png\",\"contentUrl\":\"https:\\\/\\\/buergerinitiativesoderstorf.de\\\/wp-content\\\/uploads\\\/2025\\\/02\\\/Genug-ist-genu-1.png\",\"width\":310,\"height\":199},{\"@type\":\"BreadcrumbList\",\"@id\":\"https:\\\/\\\/buergerinitiativesoderstorf.de\\\/?page_id=103#breadcrumb\",\"itemListElement\":[{\"@type\":\"ListItem\",\"position\":1,\"name\":\"Home\",\"item\":\"https:\\\/\\\/buergerinitiativesoderstorf.de\\\/\"},{\"@type\":\"ListItem\",\"position\":2,\"name\":\"Wie alles begann&#8230;.\"}]},{\"@type\":\"WebSite\",\"@id\":\"https:\\\/\\\/buergerinitiativesoderstorf.de\\\/#website\",\"url\":\"https:\\\/\\\/buergerinitiativesoderstorf.de\\\/\",\"name\":\"Buergerinitative Gegenwind - Genug ist Genug e.V. (iG)\",\"description\":\"\",\"potentialAction\":[{\"@type\":\"SearchAction\",\"target\":{\"@type\":\"EntryPoint\",\"urlTemplate\":\"https:\\\/\\\/buergerinitiativesoderstorf.de\\\/?s={search_term_string}\"},\"query-input\":{\"@type\":\"PropertyValueSpecification\",\"valueRequired\":true,\"valueName\":\"search_term_string\"}}],\"inLanguage\":\"de\"}]}<\/script>\n<!-- \/ Yoast SEO plugin. -->","yoast_head_json":{"title":"Wie alles begann.... - Buergerinitative Gegenwind - Genug ist Genug e.V. (iG)","robots":{"index":"index","follow":"follow","max-snippet":"max-snippet:-1","max-image-preview":"max-image-preview:large","max-video-preview":"max-video-preview:-1"},"canonical":"https:\/\/buergerinitiativesoderstorf.de\/?page_id=103","og_locale":"de_DE","og_type":"article","og_title":"Wie alles begann.... - Buergerinitative Gegenwind - Genug ist Genug e.V. (iG)","og_description":"Die B\u00fcrgerinitiative Soderstorf: Windpark Soderstorf-Nord Gewerbegebiet, PV-Felderund k\u00fcnftig: 6 Kieskuhlen? Ein Regionalexpress ohne Halt?..und jetzt noch drei weitere Windparks?Wir sagen: Genug ist genug! Wir sind die Soderstorfer B\u00fcrgerinitiative \u201eGenug ist Genug\u201c. Wir wehren uns gegen au\u00dfergew\u00f6hnliche Belastungen aus dem regionalen Raumordnungsprogramm (RROP) des Landkreises L\u00fcneburg und gegen dar\u00fcber hinausgehende, starke Belastungen durch Projekte der Gemeinde [&hellip;]","og_url":"https:\/\/buergerinitiativesoderstorf.de\/?page_id=103","og_site_name":"Buergerinitative Gegenwind - Genug ist Genug e.V. (iG)","article_modified_time":"2025-03-20T19:38:45+00:00","og_image":[{"width":310,"height":199,"url":"https:\/\/buergerinitiativesoderstorf.de\/wp-content\/uploads\/2025\/02\/Genug-ist-genu-1.png","type":"image\/png"}],"twitter_card":"summary_large_image","twitter_misc":{"Gesch\u00e4tzte Lesezeit":"2\u00a0Minuten"},"schema":{"@context":"https:\/\/schema.org","@graph":[{"@type":"WebPage","@id":"https:\/\/buergerinitiativesoderstorf.de\/?page_id=103","url":"https:\/\/buergerinitiativesoderstorf.de\/?page_id=103","name":"Wie alles begann.... - Buergerinitative Gegenwind - Genug ist Genug e.V. (iG)","isPartOf":{"@id":"https:\/\/buergerinitiativesoderstorf.de\/#website"},"primaryImageOfPage":{"@id":"https:\/\/buergerinitiativesoderstorf.de\/?page_id=103#primaryimage"},"image":{"@id":"https:\/\/buergerinitiativesoderstorf.de\/?page_id=103#primaryimage"},"thumbnailUrl":"http:\/\/buergerinitiativesoderstorf.de\/wp-content\/uploads\/2025\/02\/Genug-ist-genu-1.png","datePublished":"2025-02-23T09:22:59+00:00","dateModified":"2025-03-20T19:38:45+00:00","breadcrumb":{"@id":"https:\/\/buergerinitiativesoderstorf.de\/?page_id=103#breadcrumb"},"inLanguage":"de","potentialAction":[{"@type":"ReadAction","target":["https:\/\/buergerinitiativesoderstorf.de\/?page_id=103"]}]},{"@type":"ImageObject","inLanguage":"de","@id":"https:\/\/buergerinitiativesoderstorf.de\/?page_id=103#primaryimage","url":"https:\/\/buergerinitiativesoderstorf.de\/wp-content\/uploads\/2025\/02\/Genug-ist-genu-1.png","contentUrl":"https:\/\/buergerinitiativesoderstorf.de\/wp-content\/uploads\/2025\/02\/Genug-ist-genu-1.png","width":310,"height":199},{"@type":"BreadcrumbList","@id":"https:\/\/buergerinitiativesoderstorf.de\/?page_id=103#breadcrumb","itemListElement":[{"@type":"ListItem","position":1,"name":"Home","item":"https:\/\/buergerinitiativesoderstorf.de\/"},{"@type":"ListItem","position":2,"name":"Wie alles begann&#8230;."}]},{"@type":"WebSite","@id":"https:\/\/buergerinitiativesoderstorf.de\/#website","url":"https:\/\/buergerinitiativesoderstorf.de\/","name":"Buergerinitative Gegenwind - Genug ist Genug e.V. (iG)","description":"","potentialAction":[{"@type":"SearchAction","target":{"@type":"EntryPoint","urlTemplate":"https:\/\/buergerinitiativesoderstorf.de\/?s={search_term_string}"},"query-input":{"@type":"PropertyValueSpecification","valueRequired":true,"valueName":"search_term_string"}}],"inLanguage":"de"}]}},"_links":{"self":[{"href":"https:\/\/buergerinitiativesoderstorf.de\/index.php?rest_route=\/wp\/v2\/pages\/103","targetHints":{"allow":["GET"]}}],"collection":[{"href":"https:\/\/buergerinitiativesoderstorf.de\/index.php?rest_route=\/wp\/v2\/pages"}],"about":[{"href":"https:\/\/buergerinitiativesoderstorf.de\/index.php?rest_route=\/wp\/v2\/types\/page"}],"author":[{"embeddable":true,"href":"https:\/\/buergerinitiativesoderstorf.de\/index.php?rest_route=\/wp\/v2\/users\/2"}],"replies":[{"embeddable":true,"href":"https:\/\/buergerinitiativesoderstorf.de\/index.php?rest_route=%2Fwp%2Fv2%2Fcomments&post=103"}],"version-history":[{"count":5,"href":"https:\/\/buergerinitiativesoderstorf.de\/index.php?rest_route=\/wp\/v2\/pages\/103\/revisions"}],"predecessor-version":[{"id":170,"href":"https:\/\/buergerinitiativesoderstorf.de\/index.php?rest_route=\/wp\/v2\/pages\/103\/revisions\/170"}],"wp:attachment":[{"href":"https:\/\/buergerinitiativesoderstorf.de\/index.php?rest_route=%2Fwp%2Fv2%2Fmedia&parent=103"}],"curies":[{"name":"wp","href":"https:\/\/api.w.org\/{rel}","templated":true}]}}